{"id":5,"date":"2018-09-28T13:01:26","date_gmt":"2018-09-28T13:01:26","guid":{"rendered":"http:\/\/berliner-hutsalon.de\/?page_id=5"},"modified":"2018-10-16T10:54:01","modified_gmt":"2018-10-16T10:54:01","slug":"start","status":"publish","type":"page","link":"https:\/\/berliner-hutsalon.de\/","title":{"rendered":"Start"},"content":{"rendered":"<p>H\u00fcte f\u00fcr Leute! H\u00fcte f\u00fcr Anl\u00e4sse! H\u00fcte die Ihre Pers\u00f6nlichkeit unterstreichen!<br \/>\nHochzeitsh\u00fcte f\u00fcr das Brautpaar! H\u00fcte f\u00fcr die G\u00e4ste!<br \/>\nH\u00fcte und M\u00fctzen f\u00fcr jeden Tag!<\/p>\n<p>In our gorgeous little shop of hats in the historical courtyards of \u201eHackesche H\u00f6fe\u201c , courtyard number 8, we stock hats and caps of various european brands \u2013 casual and easy to wear \u2013 and also we create a beautiful range of handmade and unique hats, headpieces and fascinators for special occasions!<br \/>\nBespoke service!<br \/>\nWe deliver worldwide!<\/p>\n<p><a href=\"https:\/\/berliner-hutsalon.de\/wp-content\/uploads\/2018\/09\/buchmotiv650px.png\"><img loading=\"lazy\" decoding=\"async\" class=\"aligncenter size-full wp-image-35\" src=\"https:\/\/berliner-hutsalon.de\/wp-content\/uploads\/2018\/09\/buchmotiv650px.png\" alt=\"buchmotiv650px\" width=\"650\" height=\"441\" srcset=\"https:\/\/berliner-hutsalon.de\/wp-content\/uploads\/2018\/09\/buchmotiv650px.png 650w, https:\/\/berliner-hutsalon.de\/wp-content\/uploads\/2018\/09\/buchmotiv650px-300x204.png 300w\" sizes=\"auto, (max-width: 650px) 100vw, 650px\" \/><\/a><\/p>\n","protected":false},"excerpt":{"rendered":"<p>H\u00fcte f\u00fcr Leute! H\u00fcte f\u00fcr Anl\u00e4sse! H\u00fcte die Ihre Pers\u00f6nlichkeit unterstreichen! Hochzeitsh\u00fcte f\u00fcr das Brautpaar! H\u00fcte f\u00fcr die G\u00e4ste! H\u00fcte und M\u00fctzen f\u00fcr jeden Tag! In our gorgeous little shop of hats in the historical courtyards of \u201eHackesche H\u00f6fe\u201c , courtyard number 8, we stock&#8230;<\/p>\n","protected":false},"author":1,"featured_media":0,"parent":0,"menu_order":0,"comment_status":"open","ping_status":"open","template":"","meta":{"footnotes":""},"class_list":["post-5","page","type-page","status-publish","hentry"],"_links":{"self":[{"href":"https:\/\/berliner-hutsalon.de\/index.php?rest_route=\/wp\/v2\/pages\/5","targetHints":{"allow":["GET"]}}],"collection":[{"href":"https:\/\/berliner-hutsalon.de\/index.php?rest_route=\/wp\/v2\/pages"}],"about":[{"href":"https:\/\/berliner-hutsalon.de\/index.php?rest_route=\/wp\/v2\/types\/page"}],"author":[{"embeddable":true,"href":"https:\/\/berliner-hutsalon.de\/index.php?rest_route=\/wp\/v2\/users\/1"}],"replies":[{"embeddable":true,"href":"https:\/\/berliner-hutsalon.de\/index.php?rest_route=%2Fwp%2Fv2%2Fcomments&post=5"}],"version-history":[{"count":5,"href":"https:\/\/berliner-hutsalon.de\/index.php?rest_route=\/wp\/v2\/pages\/5\/revisions"}],"predecessor-version":[{"id":39,"href":"https:\/\/berliner-hutsalon.de\/index.php?rest_route=\/wp\/v2\/pages\/5\/revisions\/39"}],"wp:attachment":[{"href":"https:\/\/berliner-hutsalon.de\/index.php?rest_route=%2Fwp%2Fv2%2Fmedia&parent=5"}],"curies":[{"name":"wp","href":"https:\/\/api.w.org\/{rel}","templated":true}]}}