{"id":10,"date":"2018-09-28T13:02:54","date_gmt":"2018-09-28T13:02:54","guid":{"rendered":"http:\/\/berliner-hutsalon.de\/?page_id=10"},"modified":"2018-09-28T13:03:47","modified_gmt":"2018-09-28T13:03:47","slug":"impressum","status":"publish","type":"page","link":"https:\/\/berliner-hutsalon.de\/?page_id=10","title":{"rendered":"DATENSCHUTZ"},"content":{"rendered":"<p>Datenschutzhinweis Cornelia Plotzki<br \/>\nDatenverarbeitung auf der Website https:\/\/berliner-hutsalon.de\u2028Datenverarbeitung bei Kontaktanfragen, Auftr\u00e4gen\u2028Sofern Sie uns per Email, Fax oder telefonisch kontaktieren, verarbeiten wir nach Artikel 6 Abs. 1 b) DSGVO Ihre personenbezogenen Daten bis zur Erledigung der Anfrage oder soweit ein Vertragsverh\u00e4ltnis zustande kommt regelm\u00e4\u00dfig bis zehn Jahre nach Schluss des Jahres, in welchem zuletzt aufbewahrungspflichtige Vorg\u00e4nge abgewickelt wurden. F\u00fcr den Fall, dass das betreffende Jahr Gegenstand einer Betriebspr\u00fcfung ist, l\u00f6schen wir erst nach deren Abschluss, oder soweit andere berechtigte Interessen uns zur weiteren Verarbeitung nach Artikel 6 Abs. 1 c) oder f) DSGVO berechtigen, nach Wegfall der berechtigten Interessen.\u2028\u00dcbermittlung an Dritte\u2028Au\u00dferhalb der jeweiligen Zwecke der Datenverarbeitung erfolgt keine \u00dcbermittlung von Daten an Dritte. Im Rahmen unserer Aufgabenerf\u00fcllung ziehen wir Dritte im Wege der Auftragsverarbeitung hinzu oder \u00fcbermitteln auf Basis des Artikels 6 Abs. c) DSGVO zur Erf\u00fcllung unserer rechtlichen Verpflichtungen Daten an Dritte.\u2028Betroffenenrechte\u2028Als von der Verarbeitung Ihrer personenbezogenen Daten Betroffener haben Sie die in der DSGVO niedergelegten Rechte, n\u00e4mlich:\u2028Recht auf Auskunft \u00fcber das Ob und Wie der Datenverarbeitung (Art. 15 DSGVO)\u2028Recht auf Benachrichtigung (Art. 14 DSGVO)\u2028Recht auf Berichtigung (Art. 16 DSGVO)\u2028Recht auf Einschr\u00e4nkung der Bearbeitung (Art. 18 DSGVO)\u2028Recht auf L\u00f6schung (Art. 17 DSGVO)\u2028Recht auf \u00dcbertragbarkeit der Daten (Datenportabilit\u00e4t) (Art. 20 DSGVO)\u2028Recht auf Widerspruch (Art. 21 DSGVO)\u2028Recht der Beschwerde bei der Aufsichtsbeh\u00f6rde (Art. 77 DSGVO)\u2028Recht auf Widerruf bei Einwilligung in die Datenverarbeitung (Art. 7 Abs. 3 DSGVO)<br \/>\nHaben Sie Fragen und\/oder \u00c4nderungsmitteilungen, die Art und Umfang der Verarbeitung Ihrer personenbezogenen Daten betreffend, senden Sie bitte eine E-Mail an coy-best@gmx.de<br \/>\nDie Bearbeitung Ihres Auskunftsersuchens wird die hinreichend eindeutige Feststellung Ihrer Identit\u00e4t erfordern.\u2028Soweit wir personenbezogene Daten aufgrund Ihrer Einwilligung nach Artikel 6 Abs. 1 a) DSGVO verarbeiten, weisen wir Sie bei der Erhebung der Daten auf Ihr Recht auf den jederzeitigen begr\u00fcndungslosen Widerruf der Einwilligung durch einfache Erkl\u00e4rung uns gegen\u00fcber z.B. per Email hin.\u2028Die f\u00fcr uns zust\u00e4ndige Aufsichtsbeh\u00f6rde die Berliner Beauftragte f\u00fcr Datenschutz und Informationssicherheit. Sie k\u00f6nnen sich dort oder aber bei den Aufsichtsbeh\u00f6rden an Ihrem Wohnsitz oder Ihrer Arbeitsst\u00e4tte \u00fcber die Verarbeitung Ihrer Daten durch Cornelia Plotzki beschweren.\u2028Mai 2018<\/p>\n","protected":false},"excerpt":{"rendered":"<p>Datenschutzhinweis Cornelia Plotzki Datenverarbeitung auf der Website https:\/\/berliner-hutsalon.de\u2028Datenverarbeitung bei Kontaktanfragen, Auftr\u00e4gen\u2028Sofern Sie uns per Email, Fax oder telefonisch kontaktieren, verarbeiten wir nach Artikel 6 Abs. 1 b) DSGVO Ihre personenbezogenen Daten bis zur Erledigung der Anfrage oder soweit ein Vertragsverh\u00e4ltnis zustande kommt regelm\u00e4\u00dfig bis zehn&#8230;<\/p>\n","protected":false},"author":1,"featured_media":0,"parent":0,"menu_order":0,"comment_status":"open","ping_status":"open","template":"","meta":{"footnotes":""},"class_list":["post-10","page","type-page","status-publish","hentry"],"_links":{"self":[{"href":"https:\/\/berliner-hutsalon.de\/index.php?rest_route=\/wp\/v2\/pages\/10","targetHints":{"allow":["GET"]}}],"collection":[{"href":"https:\/\/berliner-hutsalon.de\/index.php?rest_route=\/wp\/v2\/pages"}],"about":[{"href":"https:\/\/berliner-hutsalon.de\/index.php?rest_route=\/wp\/v2\/types\/page"}],"author":[{"embeddable":true,"href":"https:\/\/berliner-hutsalon.de\/index.php?rest_route=\/wp\/v2\/users\/1"}],"replies":[{"embeddable":true,"href":"https:\/\/berliner-hutsalon.de\/index.php?rest_route=%2Fwp%2Fv2%2Fcomments&post=10"}],"version-history":[{"count":3,"href":"https:\/\/berliner-hutsalon.de\/index.php?rest_route=\/wp\/v2\/pages\/10\/revisions"}],"predecessor-version":[{"id":13,"href":"https:\/\/berliner-hutsalon.de\/index.php?rest_route=\/wp\/v2\/pages\/10\/revisions\/13"}],"wp:attachment":[{"href":"https:\/\/berliner-hutsalon.de\/index.php?rest_route=%2Fwp%2Fv2%2Fmedia&parent=10"}],"curies":[{"name":"wp","href":"https:\/\/api.w.org\/{rel}","templated":true}]}}